{"id":179,"date":"2012-07-05T23:57:20","date_gmt":"2012-07-05T21:57:20","guid":{"rendered":"https:\/\/trompetter.eu\/?page_id=19"},"modified":"2026-02-19T17:31:36","modified_gmt":"2026-02-19T16:31:36","slug":"imprint","status":"publish","type":"page","link":"https:\/\/trompetter.eu\/en\/imprint\/","title":{"rendered":"Imprint"},"content":{"rendered":"<h2>Trompetter Immobilien GmbH<\/h2>\n<p>Altk\u00f6nigstra\u00dfe 110a<br \/>\n61440 Oberursel<\/p>\n<p>Telefon: 06171 \/ 91 69-0<br \/>\nTelefax: 06171 \/ 91 69-100<\/p>\n<p>E-Mail:&nbsp;<a href=\"mailto:info@trompetter.eu\">info@trompetter.eu<\/a><\/p>\n<p>Eingetragen im Handelsregister des<br \/>\nAmtsgericht Bad Homburg v. d. H\u00f6he<br \/>\nHRB 7735<br \/>\nGesch\u00e4ftsf\u00fchrer: Karsten Trompetter<\/p>\n<p>&nbsp;<\/p>\n<h3>Disclaimer<\/h3>\n<p>Mit Urteil vom 12. Mai 1998 hat das Landgericht Hamburg entschieden, dass man durch die Ausbringung eines Links die Inhalte der gelinkten Seite ggf. mit zu verantworten hat. Dies kann \u2013 so das LG \u2013 nur dadurch verhindert werden, dass man sich ausdr\u00fccklich von diesen Inhalten distanziert.<\/p>\n<p>Wir haben auf unserer Site Links zu anderen Seiten im Internet gelegt. F\u00fcr alle diese Links gilt: Wir m\u00f6chten ausdr\u00fccklich betonen, dass wir keinerlei Einfluss auf die Gestaltung und die Inhalte der gelinkten Seiten haben. Deshalb distanzieren wir uns hiermit ausdr\u00fccklich von allen Inhalten aller gelinkten Seiten auf dieser Homepage.<\/p>\n<p>Diese Erkl\u00e4rung gilt f\u00fcr alle auf unserer Homepage ausgebrachten Links und f\u00fcr alle Inhalte der Seiten, zu denen die Links f\u00fchren.<\/p>\n","protected":false},"excerpt":{"rendered":"<p>Trompetter Immobilien GmbH Altk\u00f6nigstra\u00dfe 110a 61440 Oberursel Telefon: 06171 \/ 91 69-0 Telefax: 06171 \/ 91 69-100 E-Mail:&nbsp;info@trompetter.eu Eingetragen im Handelsregister des Amtsgericht Bad Homburg v. d. H\u00f6he HRB 7735 Gesch\u00e4ftsf\u00fchrer: Karsten Trompetter &nbsp; Disclaimer Mit \u2026<\/p>\n","protected":false},"author":1,"featured_media":0,"parent":0,"menu_order":101,"comment_status":"closed","ping_status":"closed","template":"","meta":{"ngg_post_thumbnail":0,"footnotes":""},"class_list":["post-179","page","type-page","status-publish","hentry"],"_links":{"self":[{"href":"https:\/\/trompetter.eu\/en\/wp-json\/wp\/v2\/pages\/179","targetHints":{"allow":["GET"]}}],"collection":[{"href":"https:\/\/trompetter.eu\/en\/wp-json\/wp\/v2\/pages"}],"about":[{"href":"https:\/\/trompetter.eu\/en\/wp-json\/wp\/v2\/types\/page"}],"author":[{"embeddable":true,"href":"https:\/\/trompetter.eu\/en\/wp-json\/wp\/v2\/users\/1"}],"replies":[{"embeddable":true,"href":"https:\/\/trompetter.eu\/en\/wp-json\/wp\/v2\/comments?post=179"}],"version-history":[{"count":4,"href":"https:\/\/trompetter.eu\/en\/wp-json\/wp\/v2\/pages\/179\/revisions"}],"predecessor-version":[{"id":589,"href":"https:\/\/trompetter.eu\/en\/wp-json\/wp\/v2\/pages\/179\/revisions\/589"}],"wp:attachment":[{"href":"https:\/\/trompetter.eu\/en\/wp-json\/wp\/v2\/media?parent=179"}],"curies":[{"name":"wp","href":"https:\/\/api.w.org\/{rel}","templated":true}]}}